{"id":2154,"date":"2024-06-25T11:34:03","date_gmt":"2024-06-25T14:34:03","guid":{"rendered":"https:\/\/aliviar.com.ar\/ortopedia-cirugia\/?page_id=2154"},"modified":"2024-08-07T11:49:19","modified_gmt":"2024-08-07T14:49:19","slug":"laboratorio-de-analisis-clinicos","status":"publish","type":"page","link":"https:\/\/aliviar.com.ar\/ortopedia-cirugia\/laboratorio-de-analisis-clinicos\/","title":{"rendered":"Laboratorio de An\u00e1lisis Cl\u00ednicos"},"content":{"rendered":"\t\t<div data-elementor-type=\"wp-page\" data-elementor-id=\"2154\" class=\"elementor elementor-2154\">\n\t\t\t\t<div class=\"elementor-element elementor-element-7738fcf9 e-flex e-con-boxed e-con e-parent\" data-id=\"7738fcf9\" data-element_type=\"container\" data-e-type=\"container\" data-settings=\"{&quot;background_background&quot;:&quot;classic&quot;}\">\n\t\t\t\t\t<div class=\"e-con-inner\">\n\t\t<div class=\"elementor-element elementor-element-294da993 e-con-full e-flex e-con e-child\" data-id=\"294da993\" data-element_type=\"container\" data-e-type=\"container\">\n\t\t\t\t<\/div>\n\t\t\t\t\t<\/div>\n\t\t\t\t<\/div>\n\t\t<div class=\"elementor-element elementor-element-e215bc7 e-flex e-con-boxed e-con e-parent\" data-id=\"e215bc7\" data-element_type=\"container\" data-e-type=\"container\" data-settings=\"{&quot;background_background&quot;:&quot;classic&quot;}\">\n\t\t\t\t\t<div class=\"e-con-inner\">\n\t\t\t\t<div class=\"elementor-element elementor-element-f475882 elementor-widget elementor-widget-shortcode\" data-id=\"f475882\" data-element_type=\"widget\" data-e-type=\"widget\" data-widget_type=\"shortcode.default\">\n\t\t\t\t<div class=\"elementor-widget-container\">\n\t\t\t\t\t\t\t<div class=\"elementor-shortcode\"><\/div>\n\t\t\t\t\t\t<\/div>\n\t\t\t\t<\/div>\n\t\t\t\t\t<\/div>\n\t\t\t\t<\/div>\n\t\t<div class=\"elementor-element elementor-element-489d9c8c e-flex e-con-boxed e-con e-parent\" data-id=\"489d9c8c\" data-element_type=\"container\" data-e-type=\"container\" data-settings=\"{&quot;background_background&quot;:&quot;classic&quot;}\">\n\t\t\t\t\t<div class=\"e-con-inner\">\n\t\t<div class=\"elementor-element elementor-element-25eac294 e-con-full e-flex e-con e-child\" data-id=\"25eac294\" data-element_type=\"container\" data-e-type=\"container\">\n\t\t\t\t<div class=\"elementor-element elementor-element-27a99fe3 elementor-widget elementor-widget-icon-box\" data-id=\"27a99fe3\" data-element_type=\"widget\" data-e-type=\"widget\" data-widget_type=\"icon-box.default\">\n\t\t\t\t<div class=\"elementor-widget-container\">\n\t\t\t\t\t\t\t<div class=\"elementor-icon-box-wrapper\">\n\n\t\t\t\n\t\t\t\t\t\t<div class=\"elementor-icon-box-content\">\n\n\t\t\t\t\t\t\t\t\t<h3 class=\"elementor-icon-box-title\">\n\t\t\t\t\t\t<a href=\"https:\/\/www.ortopedia.aliviar.com.ar\/\" target=\"_blank\" >\n\t\t\t\t\t\t\tToma de muestras:\t\t\t\t\t\t<\/a>\n\t\t\t\t\t<\/h3>\n\t\t\t\t\n\t\t\t\t\t\t\t\t\t<p class=\"elementor-icon-box-description\">\n\t\t\t\t\t\tRealizamos an\u00e1lisis cl\u00ednicos en el domicilio del paciente o en nuestra sede de Lunes a Viernes de 8:00 a 11:00 hs.\t\t\t\t\t<\/p>\n\t\t\t\t\n\t\t\t<\/div>\n\t\t\t\n\t\t<\/div>\n\t\t\t\t\t\t<\/div>\n\t\t\t\t<\/div>\n\t\t\t\t<\/div>\n\t\t\t\t\t<\/div>\n\t\t\t\t<\/div>\n\t\t<div class=\"elementor-element elementor-element-53b541eb e-flex e-con-boxed e-con e-parent\" data-id=\"53b541eb\" data-element_type=\"container\" data-e-type=\"container\" data-settings=\"{&quot;background_background&quot;:&quot;classic&quot;}\">\n\t\t\t\t\t<div class=\"e-con-inner\">\n\t\t<div class=\"elementor-element elementor-element-423c619a e-con-full e-flex e-con e-child\" data-id=\"423c619a\" data-element_type=\"container\" data-e-type=\"container\">\n\t\t\t\t<div class=\"elementor-element elementor-element-45df219c elementor-position-inline-start elementor-widget__width-auto elementor-widget-mobile__width-inherit elementor-view-default elementor-mobile-position-block-start elementor-widget elementor-widget-icon-box\" data-id=\"45df219c\" data-element_type=\"widget\" data-e-type=\"widget\" data-widget_type=\"icon-box.default\">\n\t\t\t\t<div class=\"elementor-widget-container\">\n\t\t\t\t\t\t\t<div class=\"elementor-icon-box-wrapper\">\n\n\t\t\t\t\t\t<div class=\"elementor-icon-box-icon\">\n\t\t\t\t<span  class=\"elementor-icon\">\n\t\t\t\t<i aria-hidden=\"true\" class=\"fas fa-map-marker-alt\"><\/i>\t\t\t\t<\/span>\n\t\t\t<\/div>\n\t\t\t\n\t\t\t\t\t\t<div class=\"elementor-icon-box-content\">\n\n\t\t\t\t\n\t\t\t\t\t\t\t\t\t<p class=\"elementor-icon-box-description\">\n\t\t\t\t\t\tAv. del Bicentenario de la Batalla de Salta 694\t\t\t\t\t<\/p>\n\t\t\t\t\n\t\t\t<\/div>\n\t\t\t\n\t\t<\/div>\n\t\t\t\t\t\t<\/div>\n\t\t\t\t<\/div>\n\t\t\t\t<\/div>\n\t\t<div class=\"elementor-element elementor-element-48fb326a e-con-full e-flex e-con e-child\" data-id=\"48fb326a\" data-element_type=\"container\" data-e-type=\"container\">\n\t\t\t\t<div class=\"elementor-element elementor-element-6c19c9a9 elementor-position-inline-start elementor-widget__width-auto elementor-widget-mobile__width-inherit elementor-view-default elementor-mobile-position-block-start elementor-widget elementor-widget-icon-box\" data-id=\"6c19c9a9\" data-element_type=\"widget\" data-e-type=\"widget\" data-widget_type=\"icon-box.default\">\n\t\t\t\t<div class=\"elementor-widget-container\">\n\t\t\t\t\t\t\t<div class=\"elementor-icon-box-wrapper\">\n\n\t\t\t\t\t\t<div class=\"elementor-icon-box-icon\">\n\t\t\t\t<span  class=\"elementor-icon\">\n\t\t\t\t<i aria-hidden=\"true\" class=\"fas fa-phone\"><\/i>\t\t\t\t<\/span>\n\t\t\t<\/div>\n\t\t\t\n\t\t\t\t\t\t<div class=\"elementor-icon-box-content\">\n\n\t\t\t\t\n\t\t\t\t\t\t\t\t\t<p class=\"elementor-icon-box-description\">\n\t\t\t\t\t\t387 - 517 8124\t\t\t\t\t<\/p>\n\t\t\t\t\n\t\t\t<\/div>\n\t\t\t\n\t\t<\/div>\n\t\t\t\t\t\t<\/div>\n\t\t\t\t<\/div>\n\t\t\t\t<\/div>\n\t\t<div class=\"elementor-element elementor-element-2d6d6132 e-con-full e-flex e-con e-child\" data-id=\"2d6d6132\" data-element_type=\"container\" data-e-type=\"container\">\n\t\t\t\t<div class=\"elementor-element elementor-element-119bea60 elementor-position-inline-start elementor-widget__width-auto elementor-widget-mobile__width-inherit elementor-view-default elementor-mobile-position-block-start elementor-widget elementor-widget-icon-box\" data-id=\"119bea60\" data-element_type=\"widget\" data-e-type=\"widget\" data-widget_type=\"icon-box.default\">\n\t\t\t\t<div class=\"elementor-widget-container\">\n\t\t\t\t\t\t\t<div class=\"elementor-icon-box-wrapper\">\n\n\t\t\t\t\t\t<div class=\"elementor-icon-box-icon\">\n\t\t\t\t<span  class=\"elementor-icon\">\n\t\t\t\t<i aria-hidden=\"true\" class=\"fas fa-envelope\"><\/i>\t\t\t\t<\/span>\n\t\t\t<\/div>\n\t\t\t\n\t\t\t\t\t\t<div class=\"elementor-icon-box-content\">\n\n\t\t\t\t\n\t\t\t\t\t\t\t\t\t<p class=\"elementor-icon-box-description\">\n\t\t\t\t\t\t bionoa@aliviar.com.ar\t\t\t\t\t<\/p>\n\t\t\t\t\n\t\t\t<\/div>\n\t\t\t\n\t\t<\/div>\n\t\t\t\t\t\t<\/div>\n\t\t\t\t<\/div>\n\t\t\t\t<\/div>\n\t\t\t\t\t<\/div>\n\t\t\t\t<\/div>\n\t\t\t\t<\/div>\n\t\t","protected":false},"excerpt":{"rendered":"<p>Toma de muestras: Realizamos an\u00e1lisis cl\u00ednicos en el domicilio del paciente o en nuestra sede de Lunes a Viernes de 8:00 a 11:00 hs. Av. del Bicentenario de la Batalla de Salta 694 387 &#8211; 517 8124 bionoa@aliviar.com.ar<\/p>\n","protected":false},"author":1,"featured_media":0,"parent":0,"menu_order":0,"comment_status":"closed","ping_status":"closed","template":"","meta":{"_uag_custom_page_level_css":"","site-sidebar-layout":"no-sidebar","site-content-layout":"page-builder","ast-site-content-layout":"default","site-content-style":"default","site-sidebar-style":"default","ast-global-header-display":"","ast-banner-title-visibility":"","ast-main-header-display":"","ast-hfb-above-header-display":"","ast-hfb-below-header-display":"","ast-hfb-mobile-header-display":"","site-post-title":"disabled","ast-breadcrumbs-content":"","ast-featured-img":"disabled","footer-sml-layout":"","ast-disable-related-posts":"","theme-transparent-header-meta":"enabled","adv-header-id-meta":"","stick-header-meta":"","header-above-stick-meta":"","header-main-stick-meta":"","header-below-stick-meta":"","astra-migrate-meta-layouts":"default","ast-page-background-enabled":"default","ast-page-background-meta":{"desktop":{"background-color":"","background-image":"","background-repeat":"repeat","background-position":"center center","background-size":"auto","background-attachment":"scroll","background-type":"","background-media":"","overlay-type":"","overlay-color":"","overlay-opacity":"","overlay-gradient":""},"tablet":{"background-color":"","background-image":"","background-repeat":"repeat","background-position":"center center","background-size":"auto","background-attachment":"scroll","background-type":"","background-media":"","overlay-type":"","overlay-color":"","overlay-opacity":"","overlay-gradient":""},"mobile":{"background-color":"","background-image":"","background-repeat":"repeat","background-position":"center center","background-size":"auto","background-attachment":"scroll","background-type":"","background-media":"","overlay-type":"","overlay-color":"","overlay-opacity":"","overlay-gradient":""}},"ast-content-background-meta":{"desktop":{"background-color":"var(--ast-global-color-5)","background-image":"","background-repeat":"repeat","background-position":"center center","background-size":"auto","background-attachment":"scroll","background-type":"","background-media":"","overlay-type":"","overlay-color":"","overlay-opacity":"","overlay-gradient":""},"tablet":{"background-color":"var(--ast-global-color-5)","background-image":"","background-repeat":"repeat","background-position":"center center","background-size":"auto","background-attachment":"scroll","background-type":"","background-media":"","overlay-type":"","overlay-color":"","overlay-opacity":"","overlay-gradient":""},"mobile":{"background-color":"var(--ast-global-color-5)","background-image":"","background-repeat":"repeat","background-position":"center center","background-size":"auto","background-attachment":"scroll","background-type":"","background-media":"","overlay-type":"","overlay-color":"","overlay-opacity":"","overlay-gradient":""}},"footnotes":""},"class_list":["post-2154","page","type-page","status-publish","hentry"],"yoast_head":"<!-- This site is optimized with the Yoast SEO plugin v27.4 - https:\/\/yoast.com\/product\/yoast-seo-wordpress\/ -->\n<title>Laboratorio de An\u00e1lisis Cl\u00ednicos - Aliviar<\/title>\n<meta name=\"robots\" content=\"index, follow, max-snippet:-1, max-image-preview:large, max-video-preview:-1\" \/>\n<link rel=\"canonical\" href=\"https:\/\/aliviar.com.ar\/ortopedia-cirugia\/laboratorio-de-analisis-clinicos\/\" \/>\n<meta property=\"og:locale\" content=\"es_ES\" \/>\n<meta property=\"og:type\" content=\"article\" \/>\n<meta property=\"og:title\" content=\"Laboratorio de An\u00e1lisis Cl\u00ednicos - Aliviar\" \/>\n<meta property=\"og:description\" content=\"Toma de muestras: Realizamos an\u00e1lisis cl\u00ednicos en el domicilio del paciente o en nuestra sede de Lunes a Viernes de 8:00 a 11:00 hs. Av. del Bicentenario de la Batalla de Salta 694 387 &#8211; 517 8124 bionoa@aliviar.com.ar\" \/>\n<meta property=\"og:url\" content=\"https:\/\/aliviar.com.ar\/ortopedia-cirugia\/laboratorio-de-analisis-clinicos\/\" \/>\n<meta property=\"og:site_name\" content=\"Aliviar\" \/>\n<meta property=\"article:publisher\" content=\"https:\/\/www.facebook.com\/grupoaliviar\" \/>\n<meta property=\"article:modified_time\" content=\"2024-08-07T14:49:19+00:00\" \/>\n<meta name=\"twitter:card\" content=\"summary_large_image\" \/>\n<script type=\"application\/ld+json\" class=\"yoast-schema-graph\">{\"@context\":\"https:\\\/\\\/schema.org\",\"@graph\":[{\"@type\":\"WebPage\",\"@id\":\"https:\\\/\\\/aliviar.com.ar\\\/ortopedia-cirugia\\\/laboratorio-de-analisis-clinicos\\\/\",\"url\":\"https:\\\/\\\/aliviar.com.ar\\\/ortopedia-cirugia\\\/laboratorio-de-analisis-clinicos\\\/\",\"name\":\"Laboratorio de An\u00e1lisis Cl\u00ednicos - Aliviar\",\"isPartOf\":{\"@id\":\"https:\\\/\\\/aliviar.com.ar\\\/ortopedia-cirugia\\\/#website\"},\"datePublished\":\"2024-06-25T14:34:03+00:00\",\"dateModified\":\"2024-08-07T14:49:19+00:00\",\"breadcrumb\":{\"@id\":\"https:\\\/\\\/aliviar.com.ar\\\/ortopedia-cirugia\\\/laboratorio-de-analisis-clinicos\\\/#breadcrumb\"},\"inLanguage\":\"es\",\"potentialAction\":[{\"@type\":\"ReadAction\",\"target\":[\"https:\\\/\\\/aliviar.com.ar\\\/ortopedia-cirugia\\\/laboratorio-de-analisis-clinicos\\\/\"]}]},{\"@type\":\"BreadcrumbList\",\"@id\":\"https:\\\/\\\/aliviar.com.ar\\\/ortopedia-cirugia\\\/laboratorio-de-analisis-clinicos\\\/#breadcrumb\",\"itemListElement\":[{\"@type\":\"ListItem\",\"position\":1,\"name\":\"Portada\",\"item\":\"https:\\\/\\\/aliviar.com.ar\\\/ortopedia-cirugia\\\/\"},{\"@type\":\"ListItem\",\"position\":2,\"name\":\"Laboratorio de An\u00e1lisis Cl\u00ednicos\"}]},{\"@type\":\"WebSite\",\"@id\":\"https:\\\/\\\/aliviar.com.ar\\\/ortopedia-cirugia\\\/#website\",\"url\":\"https:\\\/\\\/aliviar.com.ar\\\/ortopedia-cirugia\\\/\",\"name\":\"Aliviar\",\"description\":\"Grupo Aliviar\",\"publisher\":{\"@id\":\"https:\\\/\\\/aliviar.com.ar\\\/ortopedia-cirugia\\\/#organization\"},\"potentialAction\":[{\"@type\":\"SearchAction\",\"target\":{\"@type\":\"EntryPoint\",\"urlTemplate\":\"https:\\\/\\\/aliviar.com.ar\\\/ortopedia-cirugia\\\/?s={search_term_string}\"},\"query-input\":{\"@type\":\"PropertyValueSpecification\",\"valueRequired\":true,\"valueName\":\"search_term_string\"}}],\"inLanguage\":\"es\"},{\"@type\":\"Organization\",\"@id\":\"https:\\\/\\\/aliviar.com.ar\\\/ortopedia-cirugia\\\/#organization\",\"name\":\"Aliviar\",\"url\":\"https:\\\/\\\/aliviar.com.ar\\\/ortopedia-cirugia\\\/\",\"logo\":{\"@type\":\"ImageObject\",\"inLanguage\":\"es\",\"@id\":\"https:\\\/\\\/aliviar.com.ar\\\/ortopedia-cirugia\\\/#\\\/schema\\\/logo\\\/image\\\/\",\"url\":\"https:\\\/\\\/aliviar.com.ar\\\/ortopedia-cirugia\\\/wp-content\\\/uploads\\\/2024\\\/06\\\/Logo-Aliviar.png\",\"contentUrl\":\"https:\\\/\\\/aliviar.com.ar\\\/ortopedia-cirugia\\\/wp-content\\\/uploads\\\/2024\\\/06\\\/Logo-Aliviar.png\",\"width\":610,\"height\":250,\"caption\":\"Aliviar\"},\"image\":{\"@id\":\"https:\\\/\\\/aliviar.com.ar\\\/ortopedia-cirugia\\\/#\\\/schema\\\/logo\\\/image\\\/\"},\"sameAs\":[\"https:\\\/\\\/www.facebook.com\\\/grupoaliviar\",\"https:\\\/\\\/www.instagram.com\\\/grupoaliviar\\\/\"]}]}<\/script>\n<!-- \/ Yoast SEO plugin. -->","yoast_head_json":{"title":"Laboratorio de An\u00e1lisis Cl\u00ednicos - Aliviar","robots":{"index":"index","follow":"follow","max-snippet":"max-snippet:-1","max-image-preview":"max-image-preview:large","max-video-preview":"max-video-preview:-1"},"canonical":"https:\/\/aliviar.com.ar\/ortopedia-cirugia\/laboratorio-de-analisis-clinicos\/","og_locale":"es_ES","og_type":"article","og_title":"Laboratorio de An\u00e1lisis Cl\u00ednicos - Aliviar","og_description":"Toma de muestras: Realizamos an\u00e1lisis cl\u00ednicos en el domicilio del paciente o en nuestra sede de Lunes a Viernes de 8:00 a 11:00 hs. Av. del Bicentenario de la Batalla de Salta 694 387 &#8211; 517 8124 bionoa@aliviar.com.ar","og_url":"https:\/\/aliviar.com.ar\/ortopedia-cirugia\/laboratorio-de-analisis-clinicos\/","og_site_name":"Aliviar","article_publisher":"https:\/\/www.facebook.com\/grupoaliviar","article_modified_time":"2024-08-07T14:49:19+00:00","twitter_card":"summary_large_image","schema":{"@context":"https:\/\/schema.org","@graph":[{"@type":"WebPage","@id":"https:\/\/aliviar.com.ar\/ortopedia-cirugia\/laboratorio-de-analisis-clinicos\/","url":"https:\/\/aliviar.com.ar\/ortopedia-cirugia\/laboratorio-de-analisis-clinicos\/","name":"Laboratorio de An\u00e1lisis Cl\u00ednicos - Aliviar","isPartOf":{"@id":"https:\/\/aliviar.com.ar\/ortopedia-cirugia\/#website"},"datePublished":"2024-06-25T14:34:03+00:00","dateModified":"2024-08-07T14:49:19+00:00","breadcrumb":{"@id":"https:\/\/aliviar.com.ar\/ortopedia-cirugia\/laboratorio-de-analisis-clinicos\/#breadcrumb"},"inLanguage":"es","potentialAction":[{"@type":"ReadAction","target":["https:\/\/aliviar.com.ar\/ortopedia-cirugia\/laboratorio-de-analisis-clinicos\/"]}]},{"@type":"BreadcrumbList","@id":"https:\/\/aliviar.com.ar\/ortopedia-cirugia\/laboratorio-de-analisis-clinicos\/#breadcrumb","itemListElement":[{"@type":"ListItem","position":1,"name":"Portada","item":"https:\/\/aliviar.com.ar\/ortopedia-cirugia\/"},{"@type":"ListItem","position":2,"name":"Laboratorio de An\u00e1lisis Cl\u00ednicos"}]},{"@type":"WebSite","@id":"https:\/\/aliviar.com.ar\/ortopedia-cirugia\/#website","url":"https:\/\/aliviar.com.ar\/ortopedia-cirugia\/","name":"Aliviar","description":"Grupo Aliviar","publisher":{"@id":"https:\/\/aliviar.com.ar\/ortopedia-cirugia\/#organization"},"potentialAction":[{"@type":"SearchAction","target":{"@type":"EntryPoint","urlTemplate":"https:\/\/aliviar.com.ar\/ortopedia-cirugia\/?s={search_term_string}"},"query-input":{"@type":"PropertyValueSpecification","valueRequired":true,"valueName":"search_term_string"}}],"inLanguage":"es"},{"@type":"Organization","@id":"https:\/\/aliviar.com.ar\/ortopedia-cirugia\/#organization","name":"Aliviar","url":"https:\/\/aliviar.com.ar\/ortopedia-cirugia\/","logo":{"@type":"ImageObject","inLanguage":"es","@id":"https:\/\/aliviar.com.ar\/ortopedia-cirugia\/#\/schema\/logo\/image\/","url":"https:\/\/aliviar.com.ar\/ortopedia-cirugia\/wp-content\/uploads\/2024\/06\/Logo-Aliviar.png","contentUrl":"https:\/\/aliviar.com.ar\/ortopedia-cirugia\/wp-content\/uploads\/2024\/06\/Logo-Aliviar.png","width":610,"height":250,"caption":"Aliviar"},"image":{"@id":"https:\/\/aliviar.com.ar\/ortopedia-cirugia\/#\/schema\/logo\/image\/"},"sameAs":["https:\/\/www.facebook.com\/grupoaliviar","https:\/\/www.instagram.com\/grupoaliviar\/"]}]}},"uagb_featured_image_src":{"full":false,"thumbnail":false,"medium":false,"medium_large":false,"large":false,"1536x1536":false,"2048x2048":false},"uagb_author_info":{"display_name":"admin","author_link":"https:\/\/aliviar.com.ar\/ortopedia-cirugia\/author\/admin\/"},"uagb_comment_info":0,"uagb_excerpt":"Toma de muestras: Realizamos an\u00e1lisis cl\u00ednicos en el domicilio del paciente o en nuestra sede de Lunes a Viernes de 8:00 a 11:00 hs. Av. del Bicentenario de la Batalla de Salta 694 387 &#8211; 517 8124 bionoa@aliviar.com.ar","_links":{"self":[{"href":"https:\/\/aliviar.com.ar\/ortopedia-cirugia\/wp-json\/wp\/v2\/pages\/2154","targetHints":{"allow":["GET"]}}],"collection":[{"href":"https:\/\/aliviar.com.ar\/ortopedia-cirugia\/wp-json\/wp\/v2\/pages"}],"about":[{"href":"https:\/\/aliviar.com.ar\/ortopedia-cirugia\/wp-json\/wp\/v2\/types\/page"}],"author":[{"embeddable":true,"href":"https:\/\/aliviar.com.ar\/ortopedia-cirugia\/wp-json\/wp\/v2\/users\/1"}],"replies":[{"embeddable":true,"href":"https:\/\/aliviar.com.ar\/ortopedia-cirugia\/wp-json\/wp\/v2\/comments?post=2154"}],"version-history":[{"count":16,"href":"https:\/\/aliviar.com.ar\/ortopedia-cirugia\/wp-json\/wp\/v2\/pages\/2154\/revisions"}],"predecessor-version":[{"id":2578,"href":"https:\/\/aliviar.com.ar\/ortopedia-cirugia\/wp-json\/wp\/v2\/pages\/2154\/revisions\/2578"}],"wp:attachment":[{"href":"https:\/\/aliviar.com.ar\/ortopedia-cirugia\/wp-json\/wp\/v2\/media?parent=2154"}],"curies":[{"name":"wp","href":"https:\/\/api.w.org\/{rel}","templated":true}]}}