{"id":3,"date":"2024-06-19T09:44:21","date_gmt":"2024-06-19T12:44:21","guid":{"rendered":"https:\/\/aliviar.com.ar\/wordpress\/?page_id=3"},"modified":"2024-07-22T18:14:08","modified_gmt":"2024-07-22T21:14:08","slug":"politica-privacidad","status":"publish","type":"page","link":"https:\/\/aliviar.com.ar\/ortopedia-cirugia\/politica-privacidad\/","title":{"rendered":"Pol\u00edtica de privacidad"},"content":{"rendered":"\n<p>\u00daltima actualizaci\u00f3n: <strong>22 de Julio de 2.024<\/strong>.<\/p>\n\n\n\n<p>Administramos&nbsp;<strong>https:\/\/aliviar.com.ar<\/strong>&nbsp;(\u00abSitio web\u00bb). Esta p\u00e1gina informa a los visitantes sobre nuestras pol\u00edticas en la recopilaci\u00f3n, uso y divulgaci\u00f3n de Informaci\u00f3n Personal que recibimos de los usuarios del Sitio.<br><\/p>\n\n\n\n<h3 class=\"wp-block-heading\">Recopilaci\u00f3n y Uso de Informaci\u00f3n<\/h3>\n\n\n\n<p>Nosotros recopilamos informaci\u00f3n personalmente identificable que los usuarios nos proporcionan voluntariamente a trav\u00e9s de formularios en nuestro Sitio. La informaci\u00f3n puede incluir, entre otros datos, nombre, direcci\u00f3n de correo electr\u00f3nico, n\u00famero de tel\u00e9fono, direcci\u00f3n postal, etc. La informaci\u00f3n personal proporcionada se utilizar\u00e1 para los fines espec\u00edficos para los cuales se proporcion\u00f3, como el env\u00edo de e-mails informativos y promocionales, o la comunicaci\u00f3n directa con los usuarios que desean formar parte de nuestra comunidad de compradores mayoristas.<\/p>\n\n\n\n<h3 class=\"wp-block-heading\">Protecci\u00f3n de la Informaci\u00f3n<\/h3>\n\n\n\n<p>La seguridad de su informaci\u00f3n personal es importante para nosotros, pero recuerde que ning\u00fan m\u00e9todo de transmisi\u00f3n por Internet o m\u00e9todo de almacenamiento electr\u00f3nico es 100% seguro. Si bien nos esforzamos por utilizar medios comercialmente aceptables para proteger su informaci\u00f3n personal, no podemos garantizar su absoluta seguridad.<\/p>\n\n\n\n<h3 class=\"wp-block-heading\">Divulgaci\u00f3n a Terceros<\/h3>\n\n\n\n<p>No vendemos, intercambiamos ni transferimos de ninguna manera su informaci\u00f3n personal a terceros sin su consentimiento, excepto cuando sea necesario para cumplir con la ley u otros requisitos legales.<\/p>\n\n\n\n<h3 class=\"wp-block-heading\">Enlaces a Terceros<\/h3>\n\n\n\n<p>Nuestro Sitio puede contener enlaces a otros sitios que no son operados por nosotros. Si hace clic en un enlace de un tercero, ser\u00e1 dirigido al sitio de ese tercero. Le recomendamos encarecidamente que revise la pol\u00edtica de privacidad de cada sitio que visite.<\/p>\n\n\n\n<h3 class=\"wp-block-heading\">Cambios a esta Pol\u00edtica de Privacidad<\/h3>\n\n\n\n<p>Esta Pol\u00edtica de Privacidad est\u00e1 vigente a partir de la fecha arriba mencionada y permanecer\u00e1 en vigor excepto en lo que respecta a cualquier cambio en sus disposiciones en el futuro, que entrar\u00e1n en vigor inmediatamente despu\u00e9s de ser publicadas en esta p\u00e1gina.<\/p>\n\n\n\n<h3 class=\"wp-block-heading\">Aceptaci\u00f3n de los T\u00e9rminos<\/h3>\n\n\n\n<p>Al utilizar este Sitio, usted acepta esta pol\u00edtica. Si no est\u00e1 de acuerdo con esta pol\u00edtica, por favor no utilice nuestro Sitio. Su uso continuado del Sitio tras la publicaci\u00f3n de cambios a esta pol\u00edtica se considerar\u00e1 su aceptaci\u00f3n de dichos cambios.<\/p>\n\n\n\n<h3 class=\"wp-block-heading\">Cont\u00e1ctenos<\/h3>\n\n\n\n<p>Si tiene alguna pregunta sobre esta Pol\u00edtica de Privacidad, las pr\u00e1cticas de este sitio, o sus relaciones con este sitio, por favor cont\u00e1ctenos al <strong>54 387 4020427<\/strong>.<\/p>\n\n\n\n<p><\/p>\n","protected":false},"excerpt":{"rendered":"<p>\u00daltima actualizaci\u00f3n: 22 de Julio de 2.024. Administramos&nbsp;https:\/\/aliviar.com.ar&nbsp;(\u00abSitio web\u00bb). Esta p\u00e1gina informa a los visitantes sobre nuestras pol\u00edticas en la recopilaci\u00f3n, uso y divulgaci\u00f3n de Informaci\u00f3n Personal que recibimos de los usuarios del Sitio. Recopilaci\u00f3n y Uso de Informaci\u00f3n Nosotros recopilamos informaci\u00f3n personalmente identificable que los usuarios nos proporcionan voluntariamente a trav\u00e9s de formularios en [&hellip;]<\/p>\n","protected":false},"author":1,"featured_media":0,"parent":0,"menu_order":0,"comment_status":"closed","ping_status":"open","template":"","meta":{"_uag_custom_page_level_css":"","site-sidebar-layout":"default","site-content-layout":"","ast-site-content-layout":"default","site-content-style":"default","site-sidebar-style":"default","ast-global-header-display":"","ast-banner-title-visibility":"","ast-main-header-display":"","ast-hfb-above-header-display":"","ast-hfb-below-header-display":"","ast-hfb-mobile-header-display":"","site-post-title":"","ast-breadcrumbs-content":"","ast-featured-img":"","footer-sml-layout":"","ast-disable-related-posts":"","theme-transparent-header-meta":"","adv-header-id-meta":"","stick-header-meta":"","header-above-stick-meta":"","header-main-stick-meta":"","header-below-stick-meta":"","astra-migrate-meta-layouts":"set","ast-page-background-enabled":"default","ast-page-background-meta":{"desktop":{"background-color":"","background-image":"","background-repeat":"repeat","background-position":"center center","background-size":"auto","background-attachment":"scroll","background-type":"","background-media":"","overlay-type":"","overlay-color":"","overlay-opacity":"","overlay-gradient":""},"tablet":{"background-color":"","background-image":"","background-repeat":"repeat","background-position":"center center","background-size":"auto","background-attachment":"scroll","background-type":"","background-media":"","overlay-type":"","overlay-color":"","overlay-opacity":"","overlay-gradient":""},"mobile":{"background-color":"","background-image":"","background-repeat":"repeat","background-position":"center center","background-size":"auto","background-attachment":"scroll","background-type":"","background-media":"","overlay-type":"","overlay-color":"","overlay-opacity":"","overlay-gradient":""}},"ast-content-background-meta":{"desktop":{"background-color":"var(--ast-global-color-5)","background-image":"","background-repeat":"repeat","background-position":"center center","background-size":"auto","background-attachment":"scroll","background-type":"","background-media":"","overlay-type":"","overlay-color":"","overlay-opacity":"","overlay-gradient":""},"tablet":{"background-color":"var(--ast-global-color-5)","background-image":"","background-repeat":"repeat","background-position":"center center","background-size":"auto","background-attachment":"scroll","background-type":"","background-media":"","overlay-type":"","overlay-color":"","overlay-opacity":"","overlay-gradient":""},"mobile":{"background-color":"var(--ast-global-color-5)","background-image":"","background-repeat":"repeat","background-position":"center center","background-size":"auto","background-attachment":"scroll","background-type":"","background-media":"","overlay-type":"","overlay-color":"","overlay-opacity":"","overlay-gradient":""}},"footnotes":""},"class_list":["post-3","page","type-page","status-publish","hentry"],"yoast_head":"<!-- This site is optimized with the Yoast SEO plugin v27.4 - https:\/\/yoast.com\/product\/yoast-seo-wordpress\/ -->\n<title>Pol\u00edtica de privacidad - Aliviar<\/title>\n<meta name=\"robots\" content=\"index, follow, max-snippet:-1, max-image-preview:large, max-video-preview:-1\" \/>\n<link rel=\"canonical\" href=\"https:\/\/aliviar.com.ar\/ortopedia-cirugia\/politica-privacidad\/\" \/>\n<meta property=\"og:locale\" content=\"es_ES\" \/>\n<meta property=\"og:type\" content=\"article\" \/>\n<meta property=\"og:title\" content=\"Pol\u00edtica de privacidad - Aliviar\" \/>\n<meta property=\"og:description\" content=\"\u00daltima actualizaci\u00f3n: 22 de Julio de 2.024. Administramos&nbsp;https:\/\/aliviar.com.ar&nbsp;(\u00abSitio web\u00bb). Esta p\u00e1gina informa a los visitantes sobre nuestras pol\u00edticas en la recopilaci\u00f3n, uso y divulgaci\u00f3n de Informaci\u00f3n Personal que recibimos de los usuarios del Sitio. Recopilaci\u00f3n y Uso de Informaci\u00f3n Nosotros recopilamos informaci\u00f3n personalmente identificable que los usuarios nos proporcionan voluntariamente a trav\u00e9s de formularios en [&hellip;]\" \/>\n<meta property=\"og:url\" content=\"https:\/\/aliviar.com.ar\/ortopedia-cirugia\/politica-privacidad\/\" \/>\n<meta property=\"og:site_name\" content=\"Aliviar\" \/>\n<meta property=\"article:publisher\" content=\"https:\/\/www.facebook.com\/grupoaliviar\" \/>\n<meta property=\"article:modified_time\" content=\"2024-07-22T21:14:08+00:00\" \/>\n<meta name=\"twitter:card\" content=\"summary_large_image\" \/>\n<meta name=\"twitter:label1\" content=\"Tiempo de lectura\" \/>\n\t<meta name=\"twitter:data1\" content=\"2 minutos\" \/>\n<script type=\"application\/ld+json\" class=\"yoast-schema-graph\">{\"@context\":\"https:\\\/\\\/schema.org\",\"@graph\":[{\"@type\":\"WebPage\",\"@id\":\"https:\\\/\\\/aliviar.com.ar\\\/ortopedia-cirugia\\\/politica-privacidad\\\/\",\"url\":\"https:\\\/\\\/aliviar.com.ar\\\/ortopedia-cirugia\\\/politica-privacidad\\\/\",\"name\":\"Pol\u00edtica de privacidad - Aliviar\",\"isPartOf\":{\"@id\":\"https:\\\/\\\/aliviar.com.ar\\\/ortopedia-cirugia\\\/#website\"},\"datePublished\":\"2024-06-19T12:44:21+00:00\",\"dateModified\":\"2024-07-22T21:14:08+00:00\",\"breadcrumb\":{\"@id\":\"https:\\\/\\\/aliviar.com.ar\\\/ortopedia-cirugia\\\/politica-privacidad\\\/#breadcrumb\"},\"inLanguage\":\"es\",\"potentialAction\":[{\"@type\":\"ReadAction\",\"target\":[\"https:\\\/\\\/aliviar.com.ar\\\/ortopedia-cirugia\\\/politica-privacidad\\\/\"]}]},{\"@type\":\"BreadcrumbList\",\"@id\":\"https:\\\/\\\/aliviar.com.ar\\\/ortopedia-cirugia\\\/politica-privacidad\\\/#breadcrumb\",\"itemListElement\":[{\"@type\":\"ListItem\",\"position\":1,\"name\":\"Portada\",\"item\":\"https:\\\/\\\/aliviar.com.ar\\\/ortopedia-cirugia\\\/\"},{\"@type\":\"ListItem\",\"position\":2,\"name\":\"Pol\u00edtica de privacidad\"}]},{\"@type\":\"WebSite\",\"@id\":\"https:\\\/\\\/aliviar.com.ar\\\/ortopedia-cirugia\\\/#website\",\"url\":\"https:\\\/\\\/aliviar.com.ar\\\/ortopedia-cirugia\\\/\",\"name\":\"Aliviar\",\"description\":\"Grupo Aliviar\",\"publisher\":{\"@id\":\"https:\\\/\\\/aliviar.com.ar\\\/ortopedia-cirugia\\\/#organization\"},\"potentialAction\":[{\"@type\":\"SearchAction\",\"target\":{\"@type\":\"EntryPoint\",\"urlTemplate\":\"https:\\\/\\\/aliviar.com.ar\\\/ortopedia-cirugia\\\/?s={search_term_string}\"},\"query-input\":{\"@type\":\"PropertyValueSpecification\",\"valueRequired\":true,\"valueName\":\"search_term_string\"}}],\"inLanguage\":\"es\"},{\"@type\":\"Organization\",\"@id\":\"https:\\\/\\\/aliviar.com.ar\\\/ortopedia-cirugia\\\/#organization\",\"name\":\"Aliviar\",\"url\":\"https:\\\/\\\/aliviar.com.ar\\\/ortopedia-cirugia\\\/\",\"logo\":{\"@type\":\"ImageObject\",\"inLanguage\":\"es\",\"@id\":\"https:\\\/\\\/aliviar.com.ar\\\/ortopedia-cirugia\\\/#\\\/schema\\\/logo\\\/image\\\/\",\"url\":\"https:\\\/\\\/aliviar.com.ar\\\/ortopedia-cirugia\\\/wp-content\\\/uploads\\\/2024\\\/06\\\/Logo-Aliviar.png\",\"contentUrl\":\"https:\\\/\\\/aliviar.com.ar\\\/ortopedia-cirugia\\\/wp-content\\\/uploads\\\/2024\\\/06\\\/Logo-Aliviar.png\",\"width\":610,\"height\":250,\"caption\":\"Aliviar\"},\"image\":{\"@id\":\"https:\\\/\\\/aliviar.com.ar\\\/ortopedia-cirugia\\\/#\\\/schema\\\/logo\\\/image\\\/\"},\"sameAs\":[\"https:\\\/\\\/www.facebook.com\\\/grupoaliviar\",\"https:\\\/\\\/www.instagram.com\\\/grupoaliviar\\\/\"]}]}<\/script>\n<!-- \/ Yoast SEO plugin. -->","yoast_head_json":{"title":"Pol\u00edtica de privacidad - Aliviar","robots":{"index":"index","follow":"follow","max-snippet":"max-snippet:-1","max-image-preview":"max-image-preview:large","max-video-preview":"max-video-preview:-1"},"canonical":"https:\/\/aliviar.com.ar\/ortopedia-cirugia\/politica-privacidad\/","og_locale":"es_ES","og_type":"article","og_title":"Pol\u00edtica de privacidad - Aliviar","og_description":"\u00daltima actualizaci\u00f3n: 22 de Julio de 2.024. Administramos&nbsp;https:\/\/aliviar.com.ar&nbsp;(\u00abSitio web\u00bb). Esta p\u00e1gina informa a los visitantes sobre nuestras pol\u00edticas en la recopilaci\u00f3n, uso y divulgaci\u00f3n de Informaci\u00f3n Personal que recibimos de los usuarios del Sitio. Recopilaci\u00f3n y Uso de Informaci\u00f3n Nosotros recopilamos informaci\u00f3n personalmente identificable que los usuarios nos proporcionan voluntariamente a trav\u00e9s de formularios en [&hellip;]","og_url":"https:\/\/aliviar.com.ar\/ortopedia-cirugia\/politica-privacidad\/","og_site_name":"Aliviar","article_publisher":"https:\/\/www.facebook.com\/grupoaliviar","article_modified_time":"2024-07-22T21:14:08+00:00","twitter_card":"summary_large_image","twitter_misc":{"Tiempo de lectura":"2 minutos"},"schema":{"@context":"https:\/\/schema.org","@graph":[{"@type":"WebPage","@id":"https:\/\/aliviar.com.ar\/ortopedia-cirugia\/politica-privacidad\/","url":"https:\/\/aliviar.com.ar\/ortopedia-cirugia\/politica-privacidad\/","name":"Pol\u00edtica de privacidad - Aliviar","isPartOf":{"@id":"https:\/\/aliviar.com.ar\/ortopedia-cirugia\/#website"},"datePublished":"2024-06-19T12:44:21+00:00","dateModified":"2024-07-22T21:14:08+00:00","breadcrumb":{"@id":"https:\/\/aliviar.com.ar\/ortopedia-cirugia\/politica-privacidad\/#breadcrumb"},"inLanguage":"es","potentialAction":[{"@type":"ReadAction","target":["https:\/\/aliviar.com.ar\/ortopedia-cirugia\/politica-privacidad\/"]}]},{"@type":"BreadcrumbList","@id":"https:\/\/aliviar.com.ar\/ortopedia-cirugia\/politica-privacidad\/#breadcrumb","itemListElement":[{"@type":"ListItem","position":1,"name":"Portada","item":"https:\/\/aliviar.com.ar\/ortopedia-cirugia\/"},{"@type":"ListItem","position":2,"name":"Pol\u00edtica de privacidad"}]},{"@type":"WebSite","@id":"https:\/\/aliviar.com.ar\/ortopedia-cirugia\/#website","url":"https:\/\/aliviar.com.ar\/ortopedia-cirugia\/","name":"Aliviar","description":"Grupo Aliviar","publisher":{"@id":"https:\/\/aliviar.com.ar\/ortopedia-cirugia\/#organization"},"potentialAction":[{"@type":"SearchAction","target":{"@type":"EntryPoint","urlTemplate":"https:\/\/aliviar.com.ar\/ortopedia-cirugia\/?s={search_term_string}"},"query-input":{"@type":"PropertyValueSpecification","valueRequired":true,"valueName":"search_term_string"}}],"inLanguage":"es"},{"@type":"Organization","@id":"https:\/\/aliviar.com.ar\/ortopedia-cirugia\/#organization","name":"Aliviar","url":"https:\/\/aliviar.com.ar\/ortopedia-cirugia\/","logo":{"@type":"ImageObject","inLanguage":"es","@id":"https:\/\/aliviar.com.ar\/ortopedia-cirugia\/#\/schema\/logo\/image\/","url":"https:\/\/aliviar.com.ar\/ortopedia-cirugia\/wp-content\/uploads\/2024\/06\/Logo-Aliviar.png","contentUrl":"https:\/\/aliviar.com.ar\/ortopedia-cirugia\/wp-content\/uploads\/2024\/06\/Logo-Aliviar.png","width":610,"height":250,"caption":"Aliviar"},"image":{"@id":"https:\/\/aliviar.com.ar\/ortopedia-cirugia\/#\/schema\/logo\/image\/"},"sameAs":["https:\/\/www.facebook.com\/grupoaliviar","https:\/\/www.instagram.com\/grupoaliviar\/"]}]}},"uagb_featured_image_src":{"full":false,"thumbnail":false,"medium":false,"medium_large":false,"large":false,"1536x1536":false,"2048x2048":false},"uagb_author_info":{"display_name":"admin","author_link":"https:\/\/aliviar.com.ar\/ortopedia-cirugia\/author\/admin\/"},"uagb_comment_info":0,"uagb_excerpt":"\u00daltima actualizaci\u00f3n: 22 de Julio de 2.024. Administramos&nbsp;https:\/\/aliviar.com.ar&nbsp;(\u00abSitio web\u00bb). Esta p\u00e1gina informa a los visitantes sobre nuestras pol\u00edticas en la recopilaci\u00f3n, uso y divulgaci\u00f3n de Informaci\u00f3n Personal que recibimos de los usuarios del Sitio. Recopilaci\u00f3n y Uso de Informaci\u00f3n Nosotros recopilamos informaci\u00f3n personalmente identificable que los usuarios nos proporcionan voluntariamente a trav\u00e9s de formularios en&hellip;","_links":{"self":[{"href":"https:\/\/aliviar.com.ar\/ortopedia-cirugia\/wp-json\/wp\/v2\/pages\/3","targetHints":{"allow":["GET"]}}],"collection":[{"href":"https:\/\/aliviar.com.ar\/ortopedia-cirugia\/wp-json\/wp\/v2\/pages"}],"about":[{"href":"https:\/\/aliviar.com.ar\/ortopedia-cirugia\/wp-json\/wp\/v2\/types\/page"}],"author":[{"embeddable":true,"href":"https:\/\/aliviar.com.ar\/ortopedia-cirugia\/wp-json\/wp\/v2\/users\/1"}],"replies":[{"embeddable":true,"href":"https:\/\/aliviar.com.ar\/ortopedia-cirugia\/wp-json\/wp\/v2\/comments?post=3"}],"version-history":[{"count":4,"href":"https:\/\/aliviar.com.ar\/ortopedia-cirugia\/wp-json\/wp\/v2\/pages\/3\/revisions"}],"predecessor-version":[{"id":2535,"href":"https:\/\/aliviar.com.ar\/ortopedia-cirugia\/wp-json\/wp\/v2\/pages\/3\/revisions\/2535"}],"wp:attachment":[{"href":"https:\/\/aliviar.com.ar\/ortopedia-cirugia\/wp-json\/wp\/v2\/media?parent=3"}],"curies":[{"name":"wp","href":"https:\/\/api.w.org\/{rel}","templated":true}]}}